{"id":22,"date":"2023-06-14T05:12:31","date_gmt":"2023-06-14T05:12:31","guid":{"rendered":"https:\/\/jthemes.net\/themes\/wp\/transp\/?page_id=22"},"modified":"2024-04-10T18:48:34","modified_gmt":"2024-04-10T21:48:34","slug":"sobre-nos","status":"publish","type":"page","link":"https:\/\/riscozerobrasil.com.br\/index.php\/sobre-nos\/","title":{"rendered":"Sobre n\u00f3s"},"content":{"rendered":"\t\t<div data-elementor-type=\"wp-page\" data-elementor-id=\"22\" class=\"elementor elementor-22\" data-elementor-post-type=\"page\">\n\t\t\t\t\t\t<section class=\"elementor-section elementor-top-section elementor-element elementor-element-4cfdc0a elementor-section-content-middle elementor-section-boxed elementor-section-height-default elementor-section-height-default\" data-id=\"4cfdc0a\" data-element_type=\"section\">\n\t\t\t\t\t\t<div class=\"elementor-container elementor-column-gap-default\">\n\t\t\t\t\t<div class=\"elementor-column elementor-col-50 elementor-top-column elementor-element elementor-element-c4a40f7\" data-id=\"c4a40f7\" data-element_type=\"column\">\n\t\t\t<div class=\"elementor-widget-wrap elementor-element-populated\">\n\t\t\t\t\t\t<div class=\"elementor-element elementor-element-57592d9 elementor-widget elementor-widget-jthemes-title\" data-id=\"57592d9\" data-element_type=\"widget\" data-widget_type=\"jthemes-title.default\">\n\t\t\t\t<div class=\"elementor-widget-container\">\n\t\t\t\t\t\r\n\t\t<div class=\"heading-content heading-style1\">\r\n\t\t\t\t\t\t\t\t\t\t\t\t\t\t\t\t\t\t\t\t\t\t\t\t\t\t\t\r\n\t\t\t\t\r\n\t\t\t\t\t\t\t\t\t<h2 class=\"color-brand-2 mb-20 wow animate__animated animate__fadeIn\">\r\n\t\t\t\t\t\tRisco Zero Brasil\t\t\t\t\t<\/h2>\r\n\t\t\t\t\r\n\t\t\t\t\t\t\t\t\r\n\t\t\t\t\t<p class=\"title-description\">Nossa central de monitoramento 24 horas, utiliza tecnologia de \u00faltima gera\u00e7\u00e3o para acompanhar estrategicamente opera\u00e7\u00f5es de Transporte, onde a Risco Zero Brasil, oferece servi\u00e7os customizados aos seus Clientes, proporcionando seguran\u00e7a aos motoristas, a carga e ao seu patrim\u00f4nio. <br><br>\nMonitoramento 24 horas todos os dias da semana, para que voc\u00ea tenha tranquilidade para gerir seu neg\u00f3cio com efici\u00eancia nos processos que ir\u00e3o agregar crescimento da sua empresa.<br><br>\nContam os com profissionais qualificados, capazes de atender seus colaboradores nas mais diversas situa\u00e7\u00f5es, atuando desde regula\u00e7\u00e3o de sinistros at\u00e9 a recupera\u00e7\u00e3o das mais variadas cargas que transitam pelo nosso pa\u00eds. <br><br>\nA Risco Zero Brasil, proporcionar\u00e1 ao seu neg\u00f3cio, efici\u00eancia, agilidade e menor custo aos seus processos, tornando sua empresa mais competitiva no mercado.<\/p>\r\n\t\t\t\t\t\t\t\t\t\t\r\n\t\t<\/div>\r\n    \t\t\t\t\t<\/div>\n\t\t\t\t<\/div>\n\t\t\t\t\t<\/div>\n\t\t<\/div>\n\t\t\t\t<div class=\"elementor-column elementor-col-50 elementor-top-column elementor-element elementor-element-deaebda\" data-id=\"deaebda\" data-element_type=\"column\">\n\t\t\t<div class=\"elementor-widget-wrap elementor-element-populated\">\n\t\t\t\t\t\t<section class=\"elementor-section elementor-inner-section elementor-element elementor-element-d02b5b2 elementor-section-boxed elementor-section-height-default elementor-section-height-default\" data-id=\"d02b5b2\" data-element_type=\"section\">\n\t\t\t\t\t\t<div class=\"elementor-container elementor-column-gap-default\">\n\t\t\t\t\t<div class=\"elementor-column elementor-col-100 elementor-inner-column elementor-element elementor-element-3500f39\" data-id=\"3500f39\" data-element_type=\"column\">\n\t\t\t<div class=\"elementor-widget-wrap elementor-element-populated\">\n\t\t\t\t\t\t<div class=\"elementor-element elementor-element-597c80e elementor-widget elementor-widget-image\" data-id=\"597c80e\" data-element_type=\"widget\" data-widget_type=\"image.default\">\n\t\t\t\t<div class=\"elementor-widget-container\">\n\t\t\t\t\t\t\t\t\t\t\t\t\t\t\t<img fetchpriority=\"high\" decoding=\"async\" width=\"900\" height=\"709\" src=\"https:\/\/riscozerobrasil.com.br\/wp-content\/uploads\/2023\/07\/img-about-2-1-min-1024x807.png\" class=\"attachment-large size-large wp-image-500\" alt=\"\" srcset=\"https:\/\/riscozerobrasil.com.br\/wp-content\/uploads\/2023\/07\/img-about-2-1-min-1024x807.png 1024w, https:\/\/riscozerobrasil.com.br\/wp-content\/uploads\/2023\/07\/img-about-2-1-min-300x237.png 300w, https:\/\/riscozerobrasil.com.br\/wp-content\/uploads\/2023\/07\/img-about-2-1-min-768x606.png 768w, https:\/\/riscozerobrasil.com.br\/wp-content\/uploads\/2023\/07\/img-about-2-1-min-1536x1211.png 1536w, https:\/\/riscozerobrasil.com.br\/wp-content\/uploads\/2023\/07\/img-about-2-1-min-800x631.png 800w, https:\/\/riscozerobrasil.com.br\/wp-content\/uploads\/2023\/07\/img-about-2-1-min.png 2043w\" sizes=\"(max-width: 900px) 100vw, 900px\" \/>\t\t\t\t\t\t\t\t\t\t\t\t\t\t\t<\/div>\n\t\t\t\t<\/div>\n\t\t\t\t\t<\/div>\n\t\t<\/div>\n\t\t\t\t\t<\/div>\n\t\t<\/section>\n\t\t\t\t\t<\/div>\n\t\t<\/div>\n\t\t\t\t\t<\/div>\n\t\t<\/section>\n\t\t\t\t<\/div>\n\t\t","protected":false},"excerpt":{"rendered":"<p>Risco Zero Brasil Nossa central de monitoramento 24 horas, utiliza<\/p>\n<div class=\"read-more-wrapper\"><a class=\"more-link read-more-link\" href=\"https:\/\/riscozerobrasil.com.br\/index.php\/sobre-nos\/\">Read More<\/a><\/div>\n","protected":false},"author":1,"featured_media":0,"parent":0,"menu_order":0,"comment_status":"closed","ping_status":"closed","template":"elementor_header_footer","meta":{"footnotes":""},"class_list":["post-22","page","type-page","status-publish","hentry"],"yoast_head":"<!-- This site is optimized with the Yoast SEO plugin v26.8 - https:\/\/yoast.com\/product\/yoast-seo-wordpress\/ -->\n<title>Sobre n\u00f3s - Risco Zero<\/title>\n<meta name=\"robots\" content=\"index, follow, max-snippet:-1, max-image-preview:large, max-video-preview:-1\" \/>\n<link rel=\"canonical\" href=\"https:\/\/riscozerobrasil.com.br\/index.php\/sobre-nos\/\" \/>\n<meta property=\"og:locale\" content=\"pt_BR\" \/>\n<meta property=\"og:type\" content=\"article\" \/>\n<meta property=\"og:title\" content=\"Sobre n\u00f3s - Risco Zero\" \/>\n<meta property=\"og:description\" content=\"Risco Zero Brasil Nossa central de monitoramento 24 horas, utilizaRead More\" \/>\n<meta property=\"og:url\" content=\"https:\/\/riscozerobrasil.com.br\/index.php\/sobre-nos\/\" \/>\n<meta property=\"og:site_name\" content=\"Risco Zero\" \/>\n<meta property=\"article:modified_time\" content=\"2024-04-10T21:48:34+00:00\" \/>\n<meta property=\"og:image\" content=\"https:\/\/riscozerobrasil.com.br\/wp-content\/uploads\/2023\/07\/img-about-2-1-min.png\" \/>\n\t<meta property=\"og:image:width\" content=\"2043\" \/>\n\t<meta property=\"og:image:height\" content=\"1611\" \/>\n\t<meta property=\"og:image:type\" content=\"image\/png\" \/>\n<meta name=\"twitter:card\" content=\"summary_large_image\" \/>\n<meta name=\"twitter:label1\" content=\"Est. tempo de leitura\" \/>\n\t<meta name=\"twitter:data1\" content=\"1 minuto\" \/>\n<script type=\"application\/ld+json\" class=\"yoast-schema-graph\">{\"@context\":\"https:\/\/schema.org\",\"@graph\":[{\"@type\":\"WebPage\",\"@id\":\"https:\/\/riscozerobrasil.com.br\/index.php\/sobre-nos\/\",\"url\":\"https:\/\/riscozerobrasil.com.br\/index.php\/sobre-nos\/\",\"name\":\"Sobre n\u00f3s - Risco Zero\",\"isPartOf\":{\"@id\":\"https:\/\/riscozerobrasil.com.br\/#website\"},\"primaryImageOfPage\":{\"@id\":\"https:\/\/riscozerobrasil.com.br\/index.php\/sobre-nos\/#primaryimage\"},\"image\":{\"@id\":\"https:\/\/riscozerobrasil.com.br\/index.php\/sobre-nos\/#primaryimage\"},\"thumbnailUrl\":\"https:\/\/riscozerobrasil.com.br\/wp-content\/uploads\/2023\/07\/img-about-2-1-min-1024x807.png\",\"datePublished\":\"2023-06-14T05:12:31+00:00\",\"dateModified\":\"2024-04-10T21:48:34+00:00\",\"breadcrumb\":{\"@id\":\"https:\/\/riscozerobrasil.com.br\/index.php\/sobre-nos\/#breadcrumb\"},\"inLanguage\":\"pt-BR\",\"potentialAction\":[{\"@type\":\"ReadAction\",\"target\":[\"https:\/\/riscozerobrasil.com.br\/index.php\/sobre-nos\/\"]}]},{\"@type\":\"ImageObject\",\"inLanguage\":\"pt-BR\",\"@id\":\"https:\/\/riscozerobrasil.com.br\/index.php\/sobre-nos\/#primaryimage\",\"url\":\"https:\/\/riscozerobrasil.com.br\/wp-content\/uploads\/2023\/07\/img-about-2-1-min.png\",\"contentUrl\":\"https:\/\/riscozerobrasil.com.br\/wp-content\/uploads\/2023\/07\/img-about-2-1-min.png\",\"width\":2043,\"height\":1611},{\"@type\":\"BreadcrumbList\",\"@id\":\"https:\/\/riscozerobrasil.com.br\/index.php\/sobre-nos\/#breadcrumb\",\"itemListElement\":[{\"@type\":\"ListItem\",\"position\":1,\"name\":\"In\u00edcio\",\"item\":\"https:\/\/riscozerobrasil.com.br\/\"},{\"@type\":\"ListItem\",\"position\":2,\"name\":\"Sobre n\u00f3s\"}]},{\"@type\":\"WebSite\",\"@id\":\"https:\/\/riscozerobrasil.com.br\/#website\",\"url\":\"https:\/\/riscozerobrasil.com.br\/\",\"name\":\"Risco Zero\",\"description\":\"\",\"publisher\":{\"@id\":\"https:\/\/riscozerobrasil.com.br\/#organization\"},\"potentialAction\":[{\"@type\":\"SearchAction\",\"target\":{\"@type\":\"EntryPoint\",\"urlTemplate\":\"https:\/\/riscozerobrasil.com.br\/?s={search_term_string}\"},\"query-input\":{\"@type\":\"PropertyValueSpecification\",\"valueRequired\":true,\"valueName\":\"search_term_string\"}}],\"inLanguage\":\"pt-BR\"},{\"@type\":\"Organization\",\"@id\":\"https:\/\/riscozerobrasil.com.br\/#organization\",\"name\":\"Risco Zero\",\"url\":\"https:\/\/riscozerobrasil.com.br\/\",\"logo\":{\"@type\":\"ImageObject\",\"inLanguage\":\"pt-BR\",\"@id\":\"https:\/\/riscozerobrasil.com.br\/#\/schema\/logo\/image\/\",\"url\":\"https:\/\/riscozerobrasil.com.br\/wp-content\/uploads\/2024\/04\/risco_zero_brasil_logo-32-removebg-preview-e1712619484229.png\",\"contentUrl\":\"https:\/\/riscozerobrasil.com.br\/wp-content\/uploads\/2024\/04\/risco_zero_brasil_logo-32-removebg-preview-e1712619484229.png\",\"width\":80,\"height\":80,\"caption\":\"Risco Zero\"},\"image\":{\"@id\":\"https:\/\/riscozerobrasil.com.br\/#\/schema\/logo\/image\/\"}}]}<\/script>\n<!-- \/ Yoast SEO plugin. -->","yoast_head_json":{"title":"Sobre n\u00f3s - Risco Zero","robots":{"index":"index","follow":"follow","max-snippet":"max-snippet:-1","max-image-preview":"max-image-preview:large","max-video-preview":"max-video-preview:-1"},"canonical":"https:\/\/riscozerobrasil.com.br\/index.php\/sobre-nos\/","og_locale":"pt_BR","og_type":"article","og_title":"Sobre n\u00f3s - Risco Zero","og_description":"Risco Zero Brasil Nossa central de monitoramento 24 horas, utilizaRead More","og_url":"https:\/\/riscozerobrasil.com.br\/index.php\/sobre-nos\/","og_site_name":"Risco Zero","article_modified_time":"2024-04-10T21:48:34+00:00","og_image":[{"width":2043,"height":1611,"url":"https:\/\/riscozerobrasil.com.br\/wp-content\/uploads\/2023\/07\/img-about-2-1-min.png","type":"image\/png"}],"twitter_card":"summary_large_image","twitter_misc":{"Est. tempo de leitura":"1 minuto"},"schema":{"@context":"https:\/\/schema.org","@graph":[{"@type":"WebPage","@id":"https:\/\/riscozerobrasil.com.br\/index.php\/sobre-nos\/","url":"https:\/\/riscozerobrasil.com.br\/index.php\/sobre-nos\/","name":"Sobre n\u00f3s - Risco Zero","isPartOf":{"@id":"https:\/\/riscozerobrasil.com.br\/#website"},"primaryImageOfPage":{"@id":"https:\/\/riscozerobrasil.com.br\/index.php\/sobre-nos\/#primaryimage"},"image":{"@id":"https:\/\/riscozerobrasil.com.br\/index.php\/sobre-nos\/#primaryimage"},"thumbnailUrl":"https:\/\/riscozerobrasil.com.br\/wp-content\/uploads\/2023\/07\/img-about-2-1-min-1024x807.png","datePublished":"2023-06-14T05:12:31+00:00","dateModified":"2024-04-10T21:48:34+00:00","breadcrumb":{"@id":"https:\/\/riscozerobrasil.com.br\/index.php\/sobre-nos\/#breadcrumb"},"inLanguage":"pt-BR","potentialAction":[{"@type":"ReadAction","target":["https:\/\/riscozerobrasil.com.br\/index.php\/sobre-nos\/"]}]},{"@type":"ImageObject","inLanguage":"pt-BR","@id":"https:\/\/riscozerobrasil.com.br\/index.php\/sobre-nos\/#primaryimage","url":"https:\/\/riscozerobrasil.com.br\/wp-content\/uploads\/2023\/07\/img-about-2-1-min.png","contentUrl":"https:\/\/riscozerobrasil.com.br\/wp-content\/uploads\/2023\/07\/img-about-2-1-min.png","width":2043,"height":1611},{"@type":"BreadcrumbList","@id":"https:\/\/riscozerobrasil.com.br\/index.php\/sobre-nos\/#breadcrumb","itemListElement":[{"@type":"ListItem","position":1,"name":"In\u00edcio","item":"https:\/\/riscozerobrasil.com.br\/"},{"@type":"ListItem","position":2,"name":"Sobre n\u00f3s"}]},{"@type":"WebSite","@id":"https:\/\/riscozerobrasil.com.br\/#website","url":"https:\/\/riscozerobrasil.com.br\/","name":"Risco Zero","description":"","publisher":{"@id":"https:\/\/riscozerobrasil.com.br\/#organization"},"potentialAction":[{"@type":"SearchAction","target":{"@type":"EntryPoint","urlTemplate":"https:\/\/riscozerobrasil.com.br\/?s={search_term_string}"},"query-input":{"@type":"PropertyValueSpecification","valueRequired":true,"valueName":"search_term_string"}}],"inLanguage":"pt-BR"},{"@type":"Organization","@id":"https:\/\/riscozerobrasil.com.br\/#organization","name":"Risco Zero","url":"https:\/\/riscozerobrasil.com.br\/","logo":{"@type":"ImageObject","inLanguage":"pt-BR","@id":"https:\/\/riscozerobrasil.com.br\/#\/schema\/logo\/image\/","url":"https:\/\/riscozerobrasil.com.br\/wp-content\/uploads\/2024\/04\/risco_zero_brasil_logo-32-removebg-preview-e1712619484229.png","contentUrl":"https:\/\/riscozerobrasil.com.br\/wp-content\/uploads\/2024\/04\/risco_zero_brasil_logo-32-removebg-preview-e1712619484229.png","width":80,"height":80,"caption":"Risco Zero"},"image":{"@id":"https:\/\/riscozerobrasil.com.br\/#\/schema\/logo\/image\/"}}]}},"_links":{"self":[{"href":"https:\/\/riscozerobrasil.com.br\/index.php\/wp-json\/wp\/v2\/pages\/22","targetHints":{"allow":["GET"]}}],"collection":[{"href":"https:\/\/riscozerobrasil.com.br\/index.php\/wp-json\/wp\/v2\/pages"}],"about":[{"href":"https:\/\/riscozerobrasil.com.br\/index.php\/wp-json\/wp\/v2\/types\/page"}],"author":[{"embeddable":true,"href":"https:\/\/riscozerobrasil.com.br\/index.php\/wp-json\/wp\/v2\/users\/1"}],"replies":[{"embeddable":true,"href":"https:\/\/riscozerobrasil.com.br\/index.php\/wp-json\/wp\/v2\/comments?post=22"}],"version-history":[{"count":7,"href":"https:\/\/riscozerobrasil.com.br\/index.php\/wp-json\/wp\/v2\/pages\/22\/revisions"}],"predecessor-version":[{"id":877,"href":"https:\/\/riscozerobrasil.com.br\/index.php\/wp-json\/wp\/v2\/pages\/22\/revisions\/877"}],"wp:attachment":[{"href":"https:\/\/riscozerobrasil.com.br\/index.php\/wp-json\/wp\/v2\/media?parent=22"}],"curies":[{"name":"wp","href":"https:\/\/api.w.org\/{rel}","templated":true}]}}