{"id":26,"date":"2023-06-14T05:13:17","date_gmt":"2023-06-14T05:13:17","guid":{"rendered":"https:\/\/jthemes.net\/themes\/wp\/transp\/?page_id=26"},"modified":"2024-04-10T18:51:28","modified_gmt":"2024-04-10T21:51:28","slug":"faqs","status":"publish","type":"page","link":"https:\/\/riscozerobrasil.com.br\/index.php\/faqs\/","title":{"rendered":"FAQ&#8217;s"},"content":{"rendered":"\t\t<div data-elementor-type=\"wp-page\" data-elementor-id=\"26\" class=\"elementor elementor-26\" data-elementor-post-type=\"page\">\n\t\t\t\t\t\t<section class=\"elementor-section elementor-top-section elementor-element elementor-element-6dd74f9 elementor-section-boxed elementor-section-height-default elementor-section-height-default\" data-id=\"6dd74f9\" data-element_type=\"section\" data-settings=\"{&quot;background_background&quot;:&quot;classic&quot;}\">\n\t\t\t\t\t\t<div class=\"elementor-container elementor-column-gap-default\">\n\t\t\t\t\t<div class=\"elementor-column elementor-col-100 elementor-top-column elementor-element elementor-element-7f98bcd\" data-id=\"7f98bcd\" data-element_type=\"column\">\n\t\t\t<div class=\"elementor-widget-wrap elementor-element-populated\">\n\t\t\t\t\t\t<div class=\"elementor-element elementor-element-f552ede elementor-widget elementor-widget-jthemes-title\" data-id=\"f552ede\" data-element_type=\"widget\" data-widget_type=\"jthemes-title.default\">\n\t\t\t\t<div class=\"elementor-widget-container\">\n\t\t\t\t\t\r\n\t\t<div class=\"heading-content heading-style1\">\r\n\t\t\t\t\t\t\t\t\t\t\t\t\t\t\t\t\t\t\t\t\t\t\t\t\t\t\t\r\n\t\t\t\t\r\n\t\t\t\t\t\t\t\t\t<h2 class=\"color-brand-2 mb-20 wow animate__animated animate__fadeIn\">\r\n\t\t\t\t\t\tPerguntas Frequentes\t\t\t\t\t<\/h2>\r\n\t\t\t\t\r\n\t\t\t\t\t\t\t\t\r\n\t\t\t\t\t<p class=\"title-description\">Listamos as perguntas mais frequentes que recebemos diariamente, confira abaixo.<\/p>\r\n\t\t\t\t\t\t\t\t\t\t\r\n\t\t<\/div>\r\n    \t\t\t\t\t<\/div>\n\t\t\t\t<\/div>\n\t\t\t\t\t<\/div>\n\t\t<\/div>\n\t\t\t\t\t<\/div>\n\t\t<\/section>\n\t\t\t\t<section class=\"elementor-section elementor-top-section elementor-element elementor-element-b888113 elementor-section-boxed elementor-section-height-default elementor-section-height-default\" data-id=\"b888113\" data-element_type=\"section\">\n\t\t\t\t\t\t<div class=\"elementor-container elementor-column-gap-default\">\n\t\t\t\t\t<div class=\"elementor-column elementor-col-100 elementor-top-column elementor-element elementor-element-00bbc66\" data-id=\"00bbc66\" data-element_type=\"column\">\n\t\t\t<div class=\"elementor-widget-wrap elementor-element-populated\">\n\t\t\t\t\t\t<div class=\"elementor-element elementor-element-43d9ea3 elementor-widget elementor-widget-jthemes-title\" data-id=\"43d9ea3\" data-element_type=\"widget\" data-widget_type=\"jthemes-title.default\">\n\t\t\t\t<div class=\"elementor-widget-container\">\n\t\t\t\t\t\r\n\t\t<div class=\"heading-content heading-style3\">\r\n\t\t\t\t\t\t\t\r\n\t\t\t\t<div class=\"heading-style-three\">\r\n\t\t\t\t\t\t\t\t\t\t\t<div class=\"heading-inline-icon\"><img decoding=\"async\" width=\"42\" height=\"36\" src=\"https:\/\/riscozerobrasil.com.br\/wp-content\/uploads\/2023\/06\/favicon.png\" class=\"attachment-full size-full\" alt=\"\" \/><\/div>\r\n\t\t\t\t\t\r\n\t\t\t\t\t<div class=\"heading-inline-details\">\r\n\t\t\t\t\t\t\t\t\t\t\t\t\t<h2 class=\"color-brand-2 mb-20 wow animate__animated animate__fadeIn\">\r\n\t\t\t\t\t\t\t\tFAQs\t\t\t\t\t\t\t<\/h2>\r\n\t\t\t\t\t\t\r\n\t\t\t\t\t\t\t\t\t\t\t<\/div>\r\n\t\t\t\t<\/div>\r\n\r\n\t\t\t\t\r\n\t\t\t\t\t\t\r\n\t\t<\/div>\r\n    \t\t\t\t\t<\/div>\n\t\t\t\t<\/div>\n\t\t\t\t<div class=\"elementor-element elementor-element-299962d home-faq elementor-widget elementor-widget-accordion\" data-id=\"299962d\" data-element_type=\"widget\" data-widget_type=\"accordion.default\">\n\t\t\t\t<div class=\"elementor-widget-container\">\n\t\t\t\t\t\t\t<div class=\"elementor-accordion\">\n\t\t\t\t\t\t\t<div class=\"elementor-accordion-item\">\n\t\t\t\t\t<div id=\"elementor-tab-title-4361\" class=\"elementor-tab-title\" data-tab=\"1\" role=\"button\" aria-controls=\"elementor-tab-content-4361\" aria-expanded=\"false\">\n\t\t\t\t\t\t\t\t\t\t\t\t\t<span class=\"elementor-accordion-icon elementor-accordion-icon-right\" aria-hidden=\"true\">\n\t\t\t\t\t\t\t\t\t\t\t\t\t\t\t<span class=\"elementor-accordion-icon-closed\"><svg class=\"e-font-icon-svg e-fas-chevron-down\" viewBox=\"0 0 448 512\" xmlns=\"http:\/\/www.w3.org\/2000\/svg\"><path d=\"M207.029 381.476L12.686 187.132c-9.373-9.373-9.373-24.569 0-33.941l22.667-22.667c9.357-9.357 24.522-9.375 33.901-.04L224 284.505l154.745-154.021c9.379-9.335 24.544-9.317 33.901.04l22.667 22.667c9.373 9.373 9.373 24.569 0 33.941L240.971 381.476c-9.373 9.372-24.569 9.372-33.942 0z\"><\/path><\/svg><\/span>\n\t\t\t\t\t\t\t\t<span class=\"elementor-accordion-icon-opened\"><svg class=\"e-font-icon-svg e-fas-chevron-up\" viewBox=\"0 0 448 512\" xmlns=\"http:\/\/www.w3.org\/2000\/svg\"><path d=\"M240.971 130.524l194.343 194.343c9.373 9.373 9.373 24.569 0 33.941l-22.667 22.667c-9.357 9.357-24.522 9.375-33.901.04L224 227.495 69.255 381.516c-9.379 9.335-24.544 9.317-33.901-.04l-22.667-22.667c-9.373-9.373-9.373-24.569 0-33.941L207.03 130.525c9.372-9.373 24.568-9.373 33.941-.001z\"><\/path><\/svg><\/span>\n\t\t\t\t\t\t\t\t\t\t\t\t\t\t<\/span>\n\t\t\t\t\t\t\t\t\t\t\t\t<a class=\"elementor-accordion-title\" tabindex=\"0\">Como a Risco Zero Brasil proporciona seguran\u00e7a aos motoristas, \u00e0 carga e ao patrim\u00f4nio?<\/a>\n\t\t\t\t\t<\/div>\n\t\t\t\t\t<div id=\"elementor-tab-content-4361\" class=\"elementor-tab-content elementor-clearfix\" data-tab=\"1\" role=\"region\" aria-labelledby=\"elementor-tab-title-4361\">Nossa central de monitoramento 24 horas utiliza tecnologia de \u00faltima gera\u00e7\u00e3o para acompanhar estrategicamente as opera\u00e7\u00f5es de transporte, oferecendo servi\u00e7os customizados para garantir a seguran\u00e7a em todas as etapas do processo.<\/div>\n\t\t\t\t<\/div>\n\t\t\t\t\t\t\t<div class=\"elementor-accordion-item\">\n\t\t\t\t\t<div id=\"elementor-tab-title-4362\" class=\"elementor-tab-title\" data-tab=\"2\" role=\"button\" aria-controls=\"elementor-tab-content-4362\" aria-expanded=\"false\">\n\t\t\t\t\t\t\t\t\t\t\t\t\t<span class=\"elementor-accordion-icon elementor-accordion-icon-right\" aria-hidden=\"true\">\n\t\t\t\t\t\t\t\t\t\t\t\t\t\t\t<span class=\"elementor-accordion-icon-closed\"><svg class=\"e-font-icon-svg e-fas-chevron-down\" viewBox=\"0 0 448 512\" xmlns=\"http:\/\/www.w3.org\/2000\/svg\"><path d=\"M207.029 381.476L12.686 187.132c-9.373-9.373-9.373-24.569 0-33.941l22.667-22.667c9.357-9.357 24.522-9.375 33.901-.04L224 284.505l154.745-154.021c9.379-9.335 24.544-9.317 33.901.04l22.667 22.667c9.373 9.373 9.373 24.569 0 33.941L240.971 381.476c-9.373 9.372-24.569 9.372-33.942 0z\"><\/path><\/svg><\/span>\n\t\t\t\t\t\t\t\t<span class=\"elementor-accordion-icon-opened\"><svg class=\"e-font-icon-svg e-fas-chevron-up\" viewBox=\"0 0 448 512\" xmlns=\"http:\/\/www.w3.org\/2000\/svg\"><path d=\"M240.971 130.524l194.343 194.343c9.373 9.373 9.373 24.569 0 33.941l-22.667 22.667c-9.357 9.357-24.522 9.375-33.901.04L224 227.495 69.255 381.516c-9.379 9.335-24.544 9.317-33.901-.04l-22.667-22.667c-9.373-9.373-9.373-24.569 0-33.941L207.03 130.525c9.372-9.373 24.568-9.373 33.941-.001z\"><\/path><\/svg><\/span>\n\t\t\t\t\t\t\t\t\t\t\t\t\t\t<\/span>\n\t\t\t\t\t\t\t\t\t\t\t\t<a class=\"elementor-accordion-title\" tabindex=\"0\">Como a equipe de apoio 24 horas pode ajudar em casos de eventos inesperados, como acidentes ou roubo?<\/a>\n\t\t\t\t\t<\/div>\n\t\t\t\t\t<div id=\"elementor-tab-content-4362\" class=\"elementor-tab-content elementor-clearfix\" data-tab=\"2\" role=\"region\" aria-labelledby=\"elementor-tab-title-4362\"><p>Nossa equipe dedicada est\u00e1 pronta para agir rapidamente em situa\u00e7\u00f5es de emerg\u00eancia, buscando solu\u00e7\u00f5es eficientes para preservar ve\u00edculo, carga, motoristas e o meio ambiente, proporcionando tranquilidade aos nossos clientes.<\/p><\/div>\n\t\t\t\t<\/div>\n\t\t\t\t\t\t\t<div class=\"elementor-accordion-item\">\n\t\t\t\t\t<div id=\"elementor-tab-title-4363\" class=\"elementor-tab-title\" data-tab=\"3\" role=\"button\" aria-controls=\"elementor-tab-content-4363\" aria-expanded=\"false\">\n\t\t\t\t\t\t\t\t\t\t\t\t\t<span class=\"elementor-accordion-icon elementor-accordion-icon-right\" aria-hidden=\"true\">\n\t\t\t\t\t\t\t\t\t\t\t\t\t\t\t<span class=\"elementor-accordion-icon-closed\"><svg class=\"e-font-icon-svg e-fas-chevron-down\" viewBox=\"0 0 448 512\" xmlns=\"http:\/\/www.w3.org\/2000\/svg\"><path d=\"M207.029 381.476L12.686 187.132c-9.373-9.373-9.373-24.569 0-33.941l22.667-22.667c9.357-9.357 24.522-9.375 33.901-.04L224 284.505l154.745-154.021c9.379-9.335 24.544-9.317 33.901.04l22.667 22.667c9.373 9.373 9.373 24.569 0 33.941L240.971 381.476c-9.373 9.372-24.569 9.372-33.942 0z\"><\/path><\/svg><\/span>\n\t\t\t\t\t\t\t\t<span class=\"elementor-accordion-icon-opened\"><svg class=\"e-font-icon-svg e-fas-chevron-up\" viewBox=\"0 0 448 512\" xmlns=\"http:\/\/www.w3.org\/2000\/svg\"><path d=\"M240.971 130.524l194.343 194.343c9.373 9.373 9.373 24.569 0 33.941l-22.667 22.667c-9.357 9.357-24.522 9.375-33.901.04L224 227.495 69.255 381.516c-9.379 9.335-24.544 9.317-33.901-.04l-22.667-22.667c-9.373-9.373-9.373-24.569 0-33.941L207.03 130.525c9.372-9.373 24.568-9.373 33.941-.001z\"><\/path><\/svg><\/span>\n\t\t\t\t\t\t\t\t\t\t\t\t\t\t<\/span>\n\t\t\t\t\t\t\t\t\t\t\t\t<a class=\"elementor-accordion-title\" tabindex=\"0\">Quais benef\u00edcios o Plano de Gerenciamento de Risco (PGR) oferece para as opera\u00e7\u00f5es log\u00edsticas?<\/a>\n\t\t\t\t\t<\/div>\n\t\t\t\t\t<div id=\"elementor-tab-content-4363\" class=\"elementor-tab-content elementor-clearfix\" data-tab=\"3\" role=\"region\" aria-labelledby=\"elementor-tab-title-4363\"><p>O PGR elaborado pela Risco Zero Brasil busca minuciosamente detalhes das opera\u00e7\u00f5es, tra\u00e7ando estrat\u00e9gias eficientes que resultam na redu\u00e7\u00e3o de custos, promovendo assim uma opera\u00e7\u00e3o mais segura e eficaz.<\/p><\/div>\n\t\t\t\t<\/div>\n\t\t\t\t\t\t\t<div class=\"elementor-accordion-item\">\n\t\t\t\t\t<div id=\"elementor-tab-title-4364\" class=\"elementor-tab-title\" data-tab=\"4\" role=\"button\" aria-controls=\"elementor-tab-content-4364\" aria-expanded=\"false\">\n\t\t\t\t\t\t\t\t\t\t\t\t\t<span class=\"elementor-accordion-icon elementor-accordion-icon-right\" aria-hidden=\"true\">\n\t\t\t\t\t\t\t\t\t\t\t\t\t\t\t<span class=\"elementor-accordion-icon-closed\"><svg class=\"e-font-icon-svg e-fas-chevron-down\" viewBox=\"0 0 448 512\" xmlns=\"http:\/\/www.w3.org\/2000\/svg\"><path d=\"M207.029 381.476L12.686 187.132c-9.373-9.373-9.373-24.569 0-33.941l22.667-22.667c9.357-9.357 24.522-9.375 33.901-.04L224 284.505l154.745-154.021c9.379-9.335 24.544-9.317 33.901.04l22.667 22.667c9.373 9.373 9.373 24.569 0 33.941L240.971 381.476c-9.373 9.372-24.569 9.372-33.942 0z\"><\/path><\/svg><\/span>\n\t\t\t\t\t\t\t\t<span class=\"elementor-accordion-icon-opened\"><svg class=\"e-font-icon-svg e-fas-chevron-up\" viewBox=\"0 0 448 512\" xmlns=\"http:\/\/www.w3.org\/2000\/svg\"><path d=\"M240.971 130.524l194.343 194.343c9.373 9.373 9.373 24.569 0 33.941l-22.667 22.667c-9.357 9.357-24.522 9.375-33.901.04L224 227.495 69.255 381.516c-9.379 9.335-24.544 9.317-33.901-.04l-22.667-22.667c-9.373-9.373-9.373-24.569 0-33.941L207.03 130.525c9.372-9.373 24.568-9.373 33.941-.001z\"><\/path><\/svg><\/span>\n\t\t\t\t\t\t\t\t\t\t\t\t\t\t<\/span>\n\t\t\t\t\t\t\t\t\t\t\t\t<a class=\"elementor-accordion-title\" tabindex=\"0\">Como funciona o rastreamento de viagens oferecido pela Risco Zero Brasil?<\/a>\n\t\t\t\t\t<\/div>\n\t\t\t\t\t<div id=\"elementor-tab-content-4364\" class=\"elementor-tab-content elementor-clearfix\" data-tab=\"4\" role=\"region\" aria-labelledby=\"elementor-tab-title-4364\"><p>Nosso monitoramento de viagens tem foco em eliminar exposi\u00e7\u00e3o ao risco, gerenciando a condu\u00e7\u00e3o econ\u00f4mica e segura do ve\u00edculo, garantindo assim uma opera\u00e7\u00e3o mais eficiente e segura para nossos clientes.<\/p><\/div>\n\t\t\t\t<\/div>\n\t\t\t\t\t\t\t<div class=\"elementor-accordion-item\">\n\t\t\t\t\t<div id=\"elementor-tab-title-4365\" class=\"elementor-tab-title\" data-tab=\"5\" role=\"button\" aria-controls=\"elementor-tab-content-4365\" aria-expanded=\"false\">\n\t\t\t\t\t\t\t\t\t\t\t\t\t<span class=\"elementor-accordion-icon elementor-accordion-icon-right\" aria-hidden=\"true\">\n\t\t\t\t\t\t\t\t\t\t\t\t\t\t\t<span class=\"elementor-accordion-icon-closed\"><svg class=\"e-font-icon-svg e-fas-chevron-down\" viewBox=\"0 0 448 512\" xmlns=\"http:\/\/www.w3.org\/2000\/svg\"><path d=\"M207.029 381.476L12.686 187.132c-9.373-9.373-9.373-24.569 0-33.941l22.667-22.667c9.357-9.357 24.522-9.375 33.901-.04L224 284.505l154.745-154.021c9.379-9.335 24.544-9.317 33.901.04l22.667 22.667c9.373 9.373 9.373 24.569 0 33.941L240.971 381.476c-9.373 9.372-24.569 9.372-33.942 0z\"><\/path><\/svg><\/span>\n\t\t\t\t\t\t\t\t<span class=\"elementor-accordion-icon-opened\"><svg class=\"e-font-icon-svg e-fas-chevron-up\" viewBox=\"0 0 448 512\" xmlns=\"http:\/\/www.w3.org\/2000\/svg\"><path d=\"M240.971 130.524l194.343 194.343c9.373 9.373 9.373 24.569 0 33.941l-22.667 22.667c-9.357 9.357-24.522 9.375-33.901.04L224 227.495 69.255 381.516c-9.379 9.335-24.544 9.317-33.901-.04l-22.667-22.667c-9.373-9.373-9.373-24.569 0-33.941L207.03 130.525c9.372-9.373 24.568-9.373 33.941-.001z\"><\/path><\/svg><\/span>\n\t\t\t\t\t\t\t\t\t\t\t\t\t\t<\/span>\n\t\t\t\t\t\t\t\t\t\t\t\t<a class=\"elementor-accordion-title\" tabindex=\"0\">De que forma a central de monitoramento contribui para a preven\u00e7\u00e3o de perdas?<\/a>\n\t\t\t\t\t<\/div>\n\t\t\t\t\t<div id=\"elementor-tab-content-4365\" class=\"elementor-tab-content elementor-clearfix\" data-tab=\"5\" role=\"region\" aria-labelledby=\"elementor-tab-title-4365\"><p>Nossa central pontua anomalias e adota a\u00e7\u00f5es preventivas r\u00e1pidas para evitar roubos e acidentes, permitindo que nossos clientes foquem em melhorias de processos e redu\u00e7\u00e3o de custos, enquanto cuidamos da seguran\u00e7a de suas opera\u00e7\u00f5es.<\/p><\/div>\n\t\t\t\t<\/div>\n\t\t\t\t\t\t\t\t<\/div>\n\t\t\t\t\t\t<\/div>\n\t\t\t\t<\/div>\n\t\t\t\t\t<\/div>\n\t\t<\/div>\n\t\t\t\t\t<\/div>\n\t\t<\/section>\n\t\t\t\t<\/div>\n\t\t","protected":false},"excerpt":{"rendered":"<p>Perguntas Frequentes Listamos as perguntas mais frequentes que recebemos diariamente,<\/p>\n<div class=\"read-more-wrapper\"><a class=\"more-link read-more-link\" href=\"https:\/\/riscozerobrasil.com.br\/index.php\/faqs\/\">Read More<\/a><\/div>\n","protected":false},"author":1,"featured_media":0,"parent":0,"menu_order":0,"comment_status":"closed","ping_status":"closed","template":"elementor_header_footer","meta":{"footnotes":""},"class_list":["post-26","page","type-page","status-publish","hentry"],"yoast_head":"<!-- This site is optimized with the Yoast SEO plugin v26.8 - https:\/\/yoast.com\/product\/yoast-seo-wordpress\/ -->\n<title>FAQ&#039;s - Risco Zero<\/title>\n<meta name=\"robots\" content=\"index, follow, max-snippet:-1, max-image-preview:large, max-video-preview:-1\" \/>\n<link rel=\"canonical\" href=\"https:\/\/riscozerobrasil.com.br\/index.php\/faqs\/\" \/>\n<meta property=\"og:locale\" content=\"pt_BR\" \/>\n<meta property=\"og:type\" content=\"article\" \/>\n<meta property=\"og:title\" content=\"FAQ&#039;s - Risco Zero\" \/>\n<meta property=\"og:description\" content=\"Perguntas Frequentes Listamos as perguntas mais frequentes que recebemos diariamente,Read More\" \/>\n<meta property=\"og:url\" content=\"https:\/\/riscozerobrasil.com.br\/index.php\/faqs\/\" \/>\n<meta property=\"og:site_name\" content=\"Risco Zero\" \/>\n<meta property=\"article:modified_time\" content=\"2024-04-10T21:51:28+00:00\" \/>\n<meta property=\"og:image\" content=\"https:\/\/riscozerobrasil.com.br\/wp-content\/uploads\/2023\/06\/favicon.png\" \/>\n<meta name=\"twitter:card\" content=\"summary_large_image\" \/>\n<meta name=\"twitter:label1\" content=\"Est. tempo de leitura\" \/>\n\t<meta name=\"twitter:data1\" content=\"1 minuto\" \/>\n<script type=\"application\/ld+json\" class=\"yoast-schema-graph\">{\"@context\":\"https:\/\/schema.org\",\"@graph\":[{\"@type\":\"WebPage\",\"@id\":\"https:\/\/riscozerobrasil.com.br\/index.php\/faqs\/\",\"url\":\"https:\/\/riscozerobrasil.com.br\/index.php\/faqs\/\",\"name\":\"FAQ's - Risco Zero\",\"isPartOf\":{\"@id\":\"https:\/\/riscozerobrasil.com.br\/#website\"},\"primaryImageOfPage\":{\"@id\":\"https:\/\/riscozerobrasil.com.br\/index.php\/faqs\/#primaryimage\"},\"image\":{\"@id\":\"https:\/\/riscozerobrasil.com.br\/index.php\/faqs\/#primaryimage\"},\"thumbnailUrl\":\"https:\/\/riscozerobrasil.com.br\/wp-content\/uploads\/2023\/06\/favicon.png\",\"datePublished\":\"2023-06-14T05:13:17+00:00\",\"dateModified\":\"2024-04-10T21:51:28+00:00\",\"breadcrumb\":{\"@id\":\"https:\/\/riscozerobrasil.com.br\/index.php\/faqs\/#breadcrumb\"},\"inLanguage\":\"pt-BR\",\"potentialAction\":[{\"@type\":\"ReadAction\",\"target\":[\"https:\/\/riscozerobrasil.com.br\/index.php\/faqs\/\"]}]},{\"@type\":\"ImageObject\",\"inLanguage\":\"pt-BR\",\"@id\":\"https:\/\/riscozerobrasil.com.br\/index.php\/faqs\/#primaryimage\",\"url\":\"https:\/\/riscozerobrasil.com.br\/wp-content\/uploads\/2023\/06\/favicon.png\",\"contentUrl\":\"https:\/\/riscozerobrasil.com.br\/wp-content\/uploads\/2023\/06\/favicon.png\",\"width\":42,\"height\":36},{\"@type\":\"BreadcrumbList\",\"@id\":\"https:\/\/riscozerobrasil.com.br\/index.php\/faqs\/#breadcrumb\",\"itemListElement\":[{\"@type\":\"ListItem\",\"position\":1,\"name\":\"In\u00edcio\",\"item\":\"https:\/\/riscozerobrasil.com.br\/\"},{\"@type\":\"ListItem\",\"position\":2,\"name\":\"FAQ&#8217;s\"}]},{\"@type\":\"WebSite\",\"@id\":\"https:\/\/riscozerobrasil.com.br\/#website\",\"url\":\"https:\/\/riscozerobrasil.com.br\/\",\"name\":\"Risco Zero\",\"description\":\"\",\"publisher\":{\"@id\":\"https:\/\/riscozerobrasil.com.br\/#organization\"},\"potentialAction\":[{\"@type\":\"SearchAction\",\"target\":{\"@type\":\"EntryPoint\",\"urlTemplate\":\"https:\/\/riscozerobrasil.com.br\/?s={search_term_string}\"},\"query-input\":{\"@type\":\"PropertyValueSpecification\",\"valueRequired\":true,\"valueName\":\"search_term_string\"}}],\"inLanguage\":\"pt-BR\"},{\"@type\":\"Organization\",\"@id\":\"https:\/\/riscozerobrasil.com.br\/#organization\",\"name\":\"Risco Zero\",\"url\":\"https:\/\/riscozerobrasil.com.br\/\",\"logo\":{\"@type\":\"ImageObject\",\"inLanguage\":\"pt-BR\",\"@id\":\"https:\/\/riscozerobrasil.com.br\/#\/schema\/logo\/image\/\",\"url\":\"https:\/\/riscozerobrasil.com.br\/wp-content\/uploads\/2024\/04\/risco_zero_brasil_logo-32-removebg-preview-e1712619484229.png\",\"contentUrl\":\"https:\/\/riscozerobrasil.com.br\/wp-content\/uploads\/2024\/04\/risco_zero_brasil_logo-32-removebg-preview-e1712619484229.png\",\"width\":80,\"height\":80,\"caption\":\"Risco Zero\"},\"image\":{\"@id\":\"https:\/\/riscozerobrasil.com.br\/#\/schema\/logo\/image\/\"}}]}<\/script>\n<!-- \/ Yoast SEO plugin. -->","yoast_head_json":{"title":"FAQ's - Risco Zero","robots":{"index":"index","follow":"follow","max-snippet":"max-snippet:-1","max-image-preview":"max-image-preview:large","max-video-preview":"max-video-preview:-1"},"canonical":"https:\/\/riscozerobrasil.com.br\/index.php\/faqs\/","og_locale":"pt_BR","og_type":"article","og_title":"FAQ's - Risco Zero","og_description":"Perguntas Frequentes Listamos as perguntas mais frequentes que recebemos diariamente,Read More","og_url":"https:\/\/riscozerobrasil.com.br\/index.php\/faqs\/","og_site_name":"Risco Zero","article_modified_time":"2024-04-10T21:51:28+00:00","og_image":[{"url":"https:\/\/riscozerobrasil.com.br\/wp-content\/uploads\/2023\/06\/favicon.png","type":"","width":"","height":""}],"twitter_card":"summary_large_image","twitter_misc":{"Est. tempo de leitura":"1 minuto"},"schema":{"@context":"https:\/\/schema.org","@graph":[{"@type":"WebPage","@id":"https:\/\/riscozerobrasil.com.br\/index.php\/faqs\/","url":"https:\/\/riscozerobrasil.com.br\/index.php\/faqs\/","name":"FAQ's - Risco Zero","isPartOf":{"@id":"https:\/\/riscozerobrasil.com.br\/#website"},"primaryImageOfPage":{"@id":"https:\/\/riscozerobrasil.com.br\/index.php\/faqs\/#primaryimage"},"image":{"@id":"https:\/\/riscozerobrasil.com.br\/index.php\/faqs\/#primaryimage"},"thumbnailUrl":"https:\/\/riscozerobrasil.com.br\/wp-content\/uploads\/2023\/06\/favicon.png","datePublished":"2023-06-14T05:13:17+00:00","dateModified":"2024-04-10T21:51:28+00:00","breadcrumb":{"@id":"https:\/\/riscozerobrasil.com.br\/index.php\/faqs\/#breadcrumb"},"inLanguage":"pt-BR","potentialAction":[{"@type":"ReadAction","target":["https:\/\/riscozerobrasil.com.br\/index.php\/faqs\/"]}]},{"@type":"ImageObject","inLanguage":"pt-BR","@id":"https:\/\/riscozerobrasil.com.br\/index.php\/faqs\/#primaryimage","url":"https:\/\/riscozerobrasil.com.br\/wp-content\/uploads\/2023\/06\/favicon.png","contentUrl":"https:\/\/riscozerobrasil.com.br\/wp-content\/uploads\/2023\/06\/favicon.png","width":42,"height":36},{"@type":"BreadcrumbList","@id":"https:\/\/riscozerobrasil.com.br\/index.php\/faqs\/#breadcrumb","itemListElement":[{"@type":"ListItem","position":1,"name":"In\u00edcio","item":"https:\/\/riscozerobrasil.com.br\/"},{"@type":"ListItem","position":2,"name":"FAQ&#8217;s"}]},{"@type":"WebSite","@id":"https:\/\/riscozerobrasil.com.br\/#website","url":"https:\/\/riscozerobrasil.com.br\/","name":"Risco Zero","description":"","publisher":{"@id":"https:\/\/riscozerobrasil.com.br\/#organization"},"potentialAction":[{"@type":"SearchAction","target":{"@type":"EntryPoint","urlTemplate":"https:\/\/riscozerobrasil.com.br\/?s={search_term_string}"},"query-input":{"@type":"PropertyValueSpecification","valueRequired":true,"valueName":"search_term_string"}}],"inLanguage":"pt-BR"},{"@type":"Organization","@id":"https:\/\/riscozerobrasil.com.br\/#organization","name":"Risco Zero","url":"https:\/\/riscozerobrasil.com.br\/","logo":{"@type":"ImageObject","inLanguage":"pt-BR","@id":"https:\/\/riscozerobrasil.com.br\/#\/schema\/logo\/image\/","url":"https:\/\/riscozerobrasil.com.br\/wp-content\/uploads\/2024\/04\/risco_zero_brasil_logo-32-removebg-preview-e1712619484229.png","contentUrl":"https:\/\/riscozerobrasil.com.br\/wp-content\/uploads\/2024\/04\/risco_zero_brasil_logo-32-removebg-preview-e1712619484229.png","width":80,"height":80,"caption":"Risco Zero"},"image":{"@id":"https:\/\/riscozerobrasil.com.br\/#\/schema\/logo\/image\/"}}]}},"_links":{"self":[{"href":"https:\/\/riscozerobrasil.com.br\/index.php\/wp-json\/wp\/v2\/pages\/26","targetHints":{"allow":["GET"]}}],"collection":[{"href":"https:\/\/riscozerobrasil.com.br\/index.php\/wp-json\/wp\/v2\/pages"}],"about":[{"href":"https:\/\/riscozerobrasil.com.br\/index.php\/wp-json\/wp\/v2\/types\/page"}],"author":[{"embeddable":true,"href":"https:\/\/riscozerobrasil.com.br\/index.php\/wp-json\/wp\/v2\/users\/1"}],"replies":[{"embeddable":true,"href":"https:\/\/riscozerobrasil.com.br\/index.php\/wp-json\/wp\/v2\/comments?post=26"}],"version-history":[{"count":4,"href":"https:\/\/riscozerobrasil.com.br\/index.php\/wp-json\/wp\/v2\/pages\/26\/revisions"}],"predecessor-version":[{"id":880,"href":"https:\/\/riscozerobrasil.com.br\/index.php\/wp-json\/wp\/v2\/pages\/26\/revisions\/880"}],"wp:attachment":[{"href":"https:\/\/riscozerobrasil.com.br\/index.php\/wp-json\/wp\/v2\/media?parent=26"}],"curies":[{"name":"wp","href":"https:\/\/api.w.org\/{rel}","templated":true}]}}